{"id":573,"date":"2020-07-08T17:00:49","date_gmt":"2020-07-08T15:00:49","guid":{"rendered":"https:\/\/monnier-menuiserie.com\/web\/?page_id=573"},"modified":"2022-07-08T14:45:45","modified_gmt":"2022-07-08T12:45:45","slug":"isolation-et-amenagement-des-combles","status":"publish","type":"page","link":"https:\/\/monnier-menuiserie.com\/web\/isolation-et-amenagement-des-combles\/","title":{"rendered":"Isolation et am\u00e9nagement des combles"},"content":{"rendered":"<div  data-label=\"Savoir faire charpente\" data-id=\"about-1\" data-export-id=\"about-1\" data-category=\"about\" class=\"about-1 content-section content-section-spacing\" id=\"savoir-faire-charpente\" style=\"background-color: rgb(255, 255, 255);\"> <div  class=\"gridContainer\"> <div  class=\"row text-center\"> <div  class=\"section-title-col\" data-type=\"column\"> <h5  class=\"\">CR\u00c9ER DE NOUVEAUX ESPACES<\/h5> <h2  class=\"\">Nos prestations d\u2019am\u00e9nagement et d\u2019isolation de combles<\/h2> <p  class=\"lead\">Outre la menuiserie int\u00e9rieure et ext\u00e9rieure, nous sommes des sp\u00e9cialistes de l\u2019am\u00e9nagement et de l\u2019isolation de combles \u00e0 Craon. Vous souhaitez agrandir ou am\u00e9nager votre espace de vie ? Faites appel au savoir-faire de la SARL Monnier.<\/p>  <\/div> <\/div> <div  class=\"row\"> <div  class=\"col-xs bottom-xs flexbox image-group-bottom-3-img space-bottom-xs center-xs\"> <img decoding=\"async\"  class=\"left-img shadow-large-black\" data-size=\"500x300\" src=\"https:\/\/monnier-menuiserie.com\/web\/wp-content\/uploads\/2020\/07\/cropped-121-1.jpg\" alt=\"\" title=\"cropped-121-1.jpg\"> <img decoding=\"async\"  class=\"center-img shadow-large-black\" data-size=\"500x300\" src=\"https:\/\/monnier-menuiserie.com\/web\/wp-content\/uploads\/2020\/07\/cropped-123-1.jpg\" alt=\"\" title=\"cropped-123-1.jpg\"> <img decoding=\"async\"  class=\"right-img shadow-large-black\" data-size=\"500x300\" src=\"https:\/\/monnier-menuiserie.com\/web\/wp-content\/uploads\/2020\/07\/cropped-124-3.jpg\" alt=\"\" title=\"cropped-124-3.jpg\"> <\/div> <\/div> <\/div> <\/div><div  data-label=\"Les tapes de vos projets\" data-id=\"features-13-card-bordered\" data-export-id=\"features-13-card-bordered\" data-category=\"features\" class=\"features-13 content-section content-section-spacing\" id=\"les-tapes-de-vos-projets\" style=\"background-color: rgba(235, 195, 153, 0.2); background-image: none;\"> <div  class=\"gridContainer\"> <div  class=\"row text-center\"> <div  class=\"section-title-col\" data-type=\"column\"> <h2  class=\"\"> Cr\u00e9ez de l\u2019espace gr\u00e2ce \u00e0 l\u2019am\u00e9nagement de vos combles<\/h2> <p  class=\"lead\">Nous vous proposons nos services d\u2019isolation de combles et d\u2019am\u00e9nagement pour agrandir votre espace de vie : cr\u00e9ation d\u2019une nouvelle pi\u00e8ce, d\u2019un dressing, d\u2019une salle de jeu ou de d\u00e9tente\u2026<br >\nEn effet, les combles permettent de r\u00e9cup\u00e9rer une surface d\u2019habitation non-n\u00e9gligeable. Notre entreprise de menuiserie certifi\u00e9e RGE r\u00e9alise vos travaux d\u2019isolation dans le cadre d\u2019une r\u00e9novation \u00e9nerg\u00e9tique de l\u2019habitat :<\/p> <\/div> <\/div> <div  class=\"row spaced-cols content-center-sm\" data-type=\"row\"> <div  class=\"col-sm-4 col-md-3 \"> <div  class=\"card bordered y-move\" data-type=\"column\">  <h4  class=\"\"><span  style=\"color: rgb(152, 67, 33);\"> Isolation\n<br >int\u00e9rieure<\/span><\/h4>   <img decoding=\"async\"  class=\"custom-image\" src=\"https:\/\/monnier-menuiserie.com\/web\/wp-content\/uploads\/2020\/07\/cropped-121.jpg\" alt=\"\" title=\"cropped-121.jpg\"><\/div> <\/div> <div  class=\"col-sm-4 col-md-3 \"> <div  class=\"card bordered y-move\" data-type=\"column\">  <h4  class=\"\"><span  style=\"color: rgb(152, 67, 33);\"> Isolation\n<br >ext\u00e9rieure<\/span><\/h4>   <img decoding=\"async\"  class=\"custom-image\" src=\"https:\/\/monnier-menuiserie.com\/web\/wp-content\/uploads\/2020\/07\/cropped-53-1.jpg\" alt=\"\" title=\"cropped-53-1.jpg\"><\/div> <\/div> <div  class=\"col-sm-4 col-md-3 \"> <div  class=\"card bordered y-move\" data-type=\"column\">  <h4  class=\"\"><span  style=\"color: rgb(152, 67, 33);\"> Isolation des combles<\/span><\/h4>   <img decoding=\"async\"  class=\"custom-image\" src=\"https:\/\/monnier-menuiserie.com\/web\/wp-content\/uploads\/2020\/07\/cropped-123.jpg\" alt=\"\" title=\"cropped-123.jpg\"><\/div> <\/div> <div  class=\"col-sm-4 col-md-3 \"> <div  class=\"card bordered y-move\" data-type=\"column\">  <h4  class=\"\"><span  style=\"color: rgb(152, 67, 33);\"> Am\u00e9nagement de combles<\/span><\/h4>   <img decoding=\"async\"  class=\"custom-image\" src=\"https:\/\/monnier-menuiserie.com\/web\/wp-content\/uploads\/2020\/07\/cropped-122.jpg\" alt=\"\" title=\"cropped-122.jpg\"><\/div> <\/div><\/div> <\/div> <\/div><div  data-label=\"Content\" data-id=\"content--1\" data-export-id=\"content-8\" data-category=\"content\" class=\"content-8 content-section content-section-spacing\" id=\"content-1\" style=\"background-color: rgb(255, 255, 255);\"><div  class=\"gridContainer\"> <div  class=\"row middle-sm\"><div  class=\"col-sm-6 space-bottom-xs space-top-xs\" data-type=\"column\"> <img decoding=\"async\"  class=\"shadow-large\" src=\"https:\/\/monnier-menuiserie.com\/web\/wp-content\/uploads\/2020\/07\/cropped-124.jpg\" alt=\"\" title=\"cropped-124.jpg\"><\/div> <div  class=\"col-sm-6\" data-type=\"column\"><h2  class=\"\">Sur\u00e9l\u00e9vation de maison : un \u00e9tage sous les combles<\/h2> <p  class=\"\">Nos charpentiers menuisiers r\u00e9alisent aussi la sur\u00e9l\u00e9vation de maison et la reprise de charpente. Nous vous invitons \u00e0 d\u00e9couvrir nos prestations de r\u00e9novation int\u00e9rieure, de construction d\u2019extension en ossature bois et de pose de menuiseries.&nbsp;<\/p> <a class=\"button color1\" href=\"#\" target=\"_self\" data-cp-link=\"1\" data-icon=\"\" rel=\"noopener noreferrer\">NOUS CONTACTER<\/a><\/div> <\/div><\/div> <\/div><div  data-label=\"Nos comptences\" data-id=\"features-16\" data-export-id=\"features-16\" data-category=\"features\" class=\"features-16 content-section content-section-spacing\" id=\"nos-comptences\" style=\"background-color: rgb(255, 255, 255);\"> <div  class=\"gridContainer\"> <div  class=\"row text-center\"> <div  class=\"section-title-col\" data-type=\"column\"> <h5  class=\"\">A VOTRE SERVICE<\/h5><h2  class=\"\"> DES COMP\u00c9TENCES \u00c0 LA HAUTEUR DE VOS PROJETS<\/h2> <p  class=\"lead\"> D\u00e9couvrez nos autre champs de comp\u00e9tences<\/p> <\/div> <\/div> <div  class=\"row spaced-cols\" data-type=\"row\"> <div  class=\"col-xs-12 col-sm-6 space-bottom col-md-3 \"> <img decoding=\"async\"  class=\"face\" src=\"https:\/\/monnier-menuiserie.com\/web\/wp-content\/uploads\/2020\/07\/cropped-360.jpg\" alt=\"\" title=\"cropped-360.jpg\"> <div  data-type=\"column\" class=\"col-padding-small col-padding-small-xs description-container\"> <h4  class=\"font-500\"><span  style=\"color: rgb(152, 67, 33);\">Charpente ossature bois<\/span><\/h4> <p  class=\"\">Faites appel \u00e0 nos charpentiers de Craon pour vos travaux et autres constructions en bois ! Vous souhaitez gagner en surface habitable \u2026<\/p>  <a class=\"link\" href=\"https:\/\/monnier-menuiserie.com\/web\/la-charpente\" target=\"_self\" data-cp-link=\"1\" rel=\"noopener noreferrer\">EN SAVOIR PLUS<\/a><\/div> <\/div> <div  class=\"col-xs-12 col-sm-6 space-bottom col-md-3 \"> <img decoding=\"async\"  class=\"face\" src=\"https:\/\/monnier-menuiserie.com\/web\/wp-content\/uploads\/2020\/07\/cropped-98.jpg\" alt=\"\" title=\"cropped-98.jpg\"> <div  data-type=\"column\" class=\"col-padding-small col-padding-small-xs description-container\"> <h4  class=\"font-500\"><span  style=\"color: rgb(152, 67, 33);\">Menuiserie interieure<\/span><\/h4> <p  class=\"\">D\u00e9couvrez nos services de cr\u00e9ation et pose de menuiseries int\u00e9rieures sur mesure pour am\u00e9nager votre maison, appartement, b\u00e2timent ou autre\u2026&nbsp;<\/p>  <a class=\"link\" href=\"https:\/\/monnier-menuiserie.com\/web\/menuiserie-interieure\" target=\"_self\" data-cp-link=\"1\" rel=\"noopener noreferrer\">EN SAVOIR PLUS<\/a><\/div> <\/div> <div  class=\"col-xs-12 col-sm-6 space-bottom col-md-3 \"> <img decoding=\"async\"  class=\"face\" src=\"https:\/\/monnier-menuiserie.com\/web\/wp-content\/uploads\/2020\/07\/cropped-118.jpg\" alt=\"\" title=\"cropped-118.jpg\"> <div  data-type=\"column\" class=\"col-padding-small col-padding-small-xs description-container\"> <h4  class=\"font-500\"><span  style=\"color: rgb(152, 67, 33);\">Agencement<\/span><\/h4> <p  class=\"\">Nous vous proposons des services d\u2019agencement sur mesure pour r\u00e9pondre au mieux \u00e0 vos attentes et \u00eatre s\u00fbrs de vous satisfaire\u2026.<\/p>  <a class=\"link\" href=\"https:\/\/monnier-menuiserie.com\/web\/agencement\" target=\"_self\" data-cp-link=\"1\" rel=\"noopener noreferrer\">EN SAVOIR PLUS<\/a><\/div> <\/div> <div  class=\"col-xs-12 col-sm-6 space-bottom col-md-3 \"> <img decoding=\"async\"  class=\"face\" src=\"https:\/\/monnier-menuiserie.com\/web\/wp-content\/uploads\/2020\/07\/cropped-120.jpg\" alt=\"\" title=\"cropped-120.jpg\"> <div  data-type=\"column\" class=\"col-padding-small col-padding-small-xs description-container\"> <h4  class=\"font-500\"><span  style=\"color: rgb(152, 67, 33);\">Menuiserie exterieure<\/span><\/h4> <p  class=\"\">Parce qu\u2019il est important d\u2019avoir des menuiseries ext\u00e9rieures de qualit\u00e9, tant pour prot\u00e9ger sa maison des effractions que pour renforcer l\u2019isolation thermique\u2026<\/p>  <a class=\"link\" href=\"https:\/\/monnier-menuiserie.com\/web\/menuiserie-exterieure-2\" target=\"_self\" data-cp-link=\"1\" rel=\"noopener noreferrer\">EN SAVOIR PLUS<\/a><\/div> <\/div><\/div> <\/div> <\/div><div  data-label=\"demandez un devis\" data-id=\"cta-centered-section-grid\" data-export-id=\"cta-centered-section-grid\" data-category=\"cta\" class=\"cta-centered-section-grid content-section content-section-spacing-medium bg-color1 white-text\" id=\"demandez-un-devis\" style=\"background-image: url(&quot;https:\/\/monnier-menuiserie.com\/web\/wp-content\/uploads\/2020\/07\/123.jpg&quot;); background-size: cover; background-position: center top;\" data-section-ov=\"1\">\n<div  class=\"gridContainer\">\n<div  class=\"row text-center\">\n<div  class=\"col-xs-12 col-sm-10 col-sm-offset-1 col-md-8 col-md-offset-2\" data-type=\"column\">\n<h2  class=\"\">Notre zone d\u2019intervention pour vos travaux de menuiserie<\/h2>\n<p  class=\"\">Notre \u00e9quipe de menuisiers \u00e0 Craon r\u00e9alise la pose de fen\u00eatres et pose de portes en Mayenne, Ille-et-Vilaine, Loire-Atlantique et Maine-et-Loire. Venez nous rencontrer \u00e0 Saint-Martin-du-Limet, pr\u00e8s de Vitr\u00e9, Laval, Ch\u00e2teaubriant, Craon et Ch\u00e2teau-Gontier.<\/p>\n<a class=\"button big color1 square\" href=\"https:\/\/monnier-menuiserie.com\/web\/contact\" target=\"_self\" data-cp-link=\"1\" data-icon=\"\" rel=\"noopener noreferrer\"> CONTACTEZ-NOUS ! <\/a><\/div>\n<\/div>\n<\/div>\n<\/div>","protected":false},"excerpt":{"rendered":"<p>CR\u00c9ER DE NOUVEAUX ESPACES Nos prestations d\u2019am\u00e9nagement et d\u2019isolation de combles Outre la menuiserie int\u00e9rieure et ext\u00e9rieure, nous sommes des sp\u00e9cialistes de l\u2019am\u00e9nagement et de l\u2019isolation de combles \u00e0 Craon. Vous souhaitez agrandir ou am\u00e9nager votre espace de vie ? Faites appel au savoir-faire de la SARL Monnier. Cr\u00e9ez de l\u2019espace gr\u00e2ce \u00e0 l\u2019am\u00e9nagement de&hellip; <br \/> <a class=\"read-more\" href=\"https:\/\/monnier-menuiserie.com\/web\/isolation-et-amenagement-des-combles\/\">Lire la suite<\/a><\/p>\n","protected":false},"author":1,"featured_media":623,"parent":0,"menu_order":0,"comment_status":"closed","ping_status":"closed","template":"pro\/page-templates\/full-width-page.php","meta":[],"yoast_head":"<!-- This site is optimized with the Yoast SEO plugin v20.1 - https:\/\/yoast.com\/wordpress\/plugins\/seo\/ -->\n<title>Isolation et am\u00e9nagement des combles - SARL Monnier<\/title>\n<meta name=\"robots\" content=\"index, follow, max-snippet:-1, max-image-preview:large, max-video-preview:-1\" \/>\n<link rel=\"canonical\" href=\"https:\/\/monnier-menuiserie.com\/web\/isolation-et-amenagement-des-combles\/\" \/>\n<meta property=\"og:locale\" content=\"fr_FR\" \/>\n<meta property=\"og:type\" content=\"article\" \/>\n<meta property=\"og:title\" content=\"Isolation et am\u00e9nagement des combles - SARL Monnier\" \/>\n<meta property=\"og:description\" content=\"CR\u00c9ER DE NOUVEAUX ESPACES Nos prestations d\u2019am\u00e9nagement et d\u2019isolation de combles Outre la menuiserie int\u00e9rieure et ext\u00e9rieure, nous sommes des sp\u00e9cialistes de l\u2019am\u00e9nagement et de l\u2019isolation de combles \u00e0 Craon. Vous souhaitez agrandir ou am\u00e9nager votre espace de vie ? Faites appel au savoir-faire de la SARL Monnier. Cr\u00e9ez de l\u2019espace gr\u00e2ce \u00e0 l\u2019am\u00e9nagement de&hellip; Lire la suite\" \/>\n<meta property=\"og:url\" content=\"https:\/\/monnier-menuiserie.com\/web\/isolation-et-amenagement-des-combles\/\" \/>\n<meta property=\"og:site_name\" content=\"SARL Monnier\" \/>\n<meta property=\"article:publisher\" content=\"https:\/\/www.facebook.com\/Monnier-SARL-103824751091628\/\" \/>\n<meta property=\"article:modified_time\" content=\"2022-07-08T12:45:45+00:00\" \/>\n<meta property=\"og:image\" content=\"https:\/\/monnier-menuiserie.com\/web\/wp-content\/uploads\/2020\/07\/121.jpg\" \/>\n\t<meta property=\"og:image:width\" content=\"800\" \/>\n\t<meta property=\"og:image:height\" content=\"600\" \/>\n\t<meta property=\"og:image:type\" content=\"image\/jpeg\" \/>\n<meta name=\"twitter:card\" content=\"summary_large_image\" \/>\n<meta name=\"twitter:label1\" content=\"Dur\u00e9e de lecture estim\u00e9e\" \/>\n\t<meta name=\"twitter:data1\" content=\"2 minutes\" \/>\n<script type=\"application\/ld+json\" class=\"yoast-schema-graph\">{\"@context\":\"https:\/\/schema.org\",\"@graph\":[{\"@type\":\"WebPage\",\"@id\":\"https:\/\/monnier-menuiserie.com\/web\/isolation-et-amenagement-des-combles\/\",\"url\":\"https:\/\/monnier-menuiserie.com\/web\/isolation-et-amenagement-des-combles\/\",\"name\":\"Isolation et am\u00e9nagement des combles - SARL Monnier\",\"isPartOf\":{\"@id\":\"https:\/\/monnier-menuiserie.com\/web\/#website\"},\"datePublished\":\"2020-07-08T15:00:49+00:00\",\"dateModified\":\"2022-07-08T12:45:45+00:00\",\"breadcrumb\":{\"@id\":\"https:\/\/monnier-menuiserie.com\/web\/isolation-et-amenagement-des-combles\/#breadcrumb\"},\"inLanguage\":\"fr-FR\",\"potentialAction\":[{\"@type\":\"ReadAction\",\"target\":[\"https:\/\/monnier-menuiserie.com\/web\/isolation-et-amenagement-des-combles\/\"]}]},{\"@type\":\"BreadcrumbList\",\"@id\":\"https:\/\/monnier-menuiserie.com\/web\/isolation-et-amenagement-des-combles\/#breadcrumb\",\"itemListElement\":[{\"@type\":\"ListItem\",\"position\":1,\"name\":\"Accueil\",\"item\":\"https:\/\/monnier-menuiserie.com\/web\/\"},{\"@type\":\"ListItem\",\"position\":2,\"name\":\"Isolation et am\u00e9nagement des combles\"}]},{\"@type\":\"WebSite\",\"@id\":\"https:\/\/monnier-menuiserie.com\/web\/#website\",\"url\":\"https:\/\/monnier-menuiserie.com\/web\/\",\"name\":\"SARL Monnier\",\"description\":\"\",\"publisher\":{\"@id\":\"https:\/\/monnier-menuiserie.com\/web\/#organization\"},\"potentialAction\":[{\"@type\":\"SearchAction\",\"target\":{\"@type\":\"EntryPoint\",\"urlTemplate\":\"https:\/\/monnier-menuiserie.com\/web\/?s={search_term_string}\"},\"query-input\":\"required name=search_term_string\"}],\"inLanguage\":\"fr-FR\"},{\"@type\":\"Organization\",\"@id\":\"https:\/\/monnier-menuiserie.com\/web\/#organization\",\"name\":\"SARL Monnier\",\"url\":\"https:\/\/monnier-menuiserie.com\/web\/\",\"logo\":{\"@type\":\"ImageObject\",\"inLanguage\":\"fr-FR\",\"@id\":\"https:\/\/monnier-menuiserie.com\/web\/#\/schema\/logo\/image\/\",\"url\":\"https:\/\/monnier-menuiserie.com\/web\/wp-content\/uploads\/2020\/07\/cropped-logo-sarl-monnier-400x300-2.png\",\"contentUrl\":\"https:\/\/monnier-menuiserie.com\/web\/wp-content\/uploads\/2020\/07\/cropped-logo-sarl-monnier-400x300-2.png\",\"width\":400,\"height\":186,\"caption\":\"SARL Monnier\"},\"image\":{\"@id\":\"https:\/\/monnier-menuiserie.com\/web\/#\/schema\/logo\/image\/\"},\"sameAs\":[\"https:\/\/www.facebook.com\/Monnier-SARL-103824751091628\/\"]}]}<\/script>\n<!-- \/ Yoast SEO plugin. -->","yoast_head_json":{"title":"Isolation et am\u00e9nagement des combles - SARL Monnier","robots":{"index":"index","follow":"follow","max-snippet":"max-snippet:-1","max-image-preview":"max-image-preview:large","max-video-preview":"max-video-preview:-1"},"canonical":"https:\/\/monnier-menuiserie.com\/web\/isolation-et-amenagement-des-combles\/","og_locale":"fr_FR","og_type":"article","og_title":"Isolation et am\u00e9nagement des combles - SARL Monnier","og_description":"CR\u00c9ER DE NOUVEAUX ESPACES Nos prestations d\u2019am\u00e9nagement et d\u2019isolation de combles Outre la menuiserie int\u00e9rieure et ext\u00e9rieure, nous sommes des sp\u00e9cialistes de l\u2019am\u00e9nagement et de l\u2019isolation de combles \u00e0 Craon. Vous souhaitez agrandir ou am\u00e9nager votre espace de vie ? Faites appel au savoir-faire de la SARL Monnier. Cr\u00e9ez de l\u2019espace gr\u00e2ce \u00e0 l\u2019am\u00e9nagement de&hellip; Lire la suite","og_url":"https:\/\/monnier-menuiserie.com\/web\/isolation-et-amenagement-des-combles\/","og_site_name":"SARL Monnier","article_publisher":"https:\/\/www.facebook.com\/Monnier-SARL-103824751091628\/","article_modified_time":"2022-07-08T12:45:45+00:00","og_image":[{"width":800,"height":600,"url":"https:\/\/monnier-menuiserie.com\/web\/wp-content\/uploads\/2020\/07\/121.jpg","type":"image\/jpeg"}],"twitter_card":"summary_large_image","twitter_misc":{"Dur\u00e9e de lecture estim\u00e9e":"2 minutes"},"schema":{"@context":"https:\/\/schema.org","@graph":[{"@type":"WebPage","@id":"https:\/\/monnier-menuiserie.com\/web\/isolation-et-amenagement-des-combles\/","url":"https:\/\/monnier-menuiserie.com\/web\/isolation-et-amenagement-des-combles\/","name":"Isolation et am\u00e9nagement des combles - SARL Monnier","isPartOf":{"@id":"https:\/\/monnier-menuiserie.com\/web\/#website"},"datePublished":"2020-07-08T15:00:49+00:00","dateModified":"2022-07-08T12:45:45+00:00","breadcrumb":{"@id":"https:\/\/monnier-menuiserie.com\/web\/isolation-et-amenagement-des-combles\/#breadcrumb"},"inLanguage":"fr-FR","potentialAction":[{"@type":"ReadAction","target":["https:\/\/monnier-menuiserie.com\/web\/isolation-et-amenagement-des-combles\/"]}]},{"@type":"BreadcrumbList","@id":"https:\/\/monnier-menuiserie.com\/web\/isolation-et-amenagement-des-combles\/#breadcrumb","itemListElement":[{"@type":"ListItem","position":1,"name":"Accueil","item":"https:\/\/monnier-menuiserie.com\/web\/"},{"@type":"ListItem","position":2,"name":"Isolation et am\u00e9nagement des combles"}]},{"@type":"WebSite","@id":"https:\/\/monnier-menuiserie.com\/web\/#website","url":"https:\/\/monnier-menuiserie.com\/web\/","name":"SARL Monnier","description":"","publisher":{"@id":"https:\/\/monnier-menuiserie.com\/web\/#organization"},"potentialAction":[{"@type":"SearchAction","target":{"@type":"EntryPoint","urlTemplate":"https:\/\/monnier-menuiserie.com\/web\/?s={search_term_string}"},"query-input":"required name=search_term_string"}],"inLanguage":"fr-FR"},{"@type":"Organization","@id":"https:\/\/monnier-menuiserie.com\/web\/#organization","name":"SARL Monnier","url":"https:\/\/monnier-menuiserie.com\/web\/","logo":{"@type":"ImageObject","inLanguage":"fr-FR","@id":"https:\/\/monnier-menuiserie.com\/web\/#\/schema\/logo\/image\/","url":"https:\/\/monnier-menuiserie.com\/web\/wp-content\/uploads\/2020\/07\/cropped-logo-sarl-monnier-400x300-2.png","contentUrl":"https:\/\/monnier-menuiserie.com\/web\/wp-content\/uploads\/2020\/07\/cropped-logo-sarl-monnier-400x300-2.png","width":400,"height":186,"caption":"SARL Monnier"},"image":{"@id":"https:\/\/monnier-menuiserie.com\/web\/#\/schema\/logo\/image\/"},"sameAs":["https:\/\/www.facebook.com\/Monnier-SARL-103824751091628\/"]}]}},"_links":{"self":[{"href":"https:\/\/monnier-menuiserie.com\/web\/wp-json\/wp\/v2\/pages\/573"}],"collection":[{"href":"https:\/\/monnier-menuiserie.com\/web\/wp-json\/wp\/v2\/pages"}],"about":[{"href":"https:\/\/monnier-menuiserie.com\/web\/wp-json\/wp\/v2\/types\/page"}],"author":[{"embeddable":true,"href":"https:\/\/monnier-menuiserie.com\/web\/wp-json\/wp\/v2\/users\/1"}],"replies":[{"embeddable":true,"href":"https:\/\/monnier-menuiserie.com\/web\/wp-json\/wp\/v2\/comments?post=573"}],"version-history":[{"count":5,"href":"https:\/\/monnier-menuiserie.com\/web\/wp-json\/wp\/v2\/pages\/573\/revisions"}],"predecessor-version":[{"id":773,"href":"https:\/\/monnier-menuiserie.com\/web\/wp-json\/wp\/v2\/pages\/573\/revisions\/773"}],"wp:featuredmedia":[{"embeddable":true,"href":"https:\/\/monnier-menuiserie.com\/web\/wp-json\/wp\/v2\/media\/623"}],"wp:attachment":[{"href":"https:\/\/monnier-menuiserie.com\/web\/wp-json\/wp\/v2\/media?parent=573"}],"curies":[{"name":"wp","href":"https:\/\/api.w.org\/{rel}","templated":true}]}}