{"id":184,"date":"2018-02-16T16:05:23","date_gmt":"2018-02-16T16:05:23","guid":{"rendered":"http:\/\/intdesign.mihai1-work.cloud-press.net\/?page_id=184"},"modified":"2023-08-23T17:00:43","modified_gmt":"2023-08-23T15:00:43","slug":"contact","status":"publish","type":"page","link":"https:\/\/monnier-menuiserie.com\/web\/contact\/","title":{"rendered":"Contact"},"content":{"rendered":"<div  data-label=\"Contact\" data-id=\"contact-5\" data-export-id=\"contact-5\" data-category=\"contact\" class=\"contact-5 content-section content-section-spacing\" id=\"contact-3\" style=\"background-color: rgb(255, 255, 255);\"> <div  class=\"gridContainer\"> <div  class=\"row text-center\"> <div  class=\"section-title-col\" data-type=\"column\"> <h2  class=\"\"> Contactez notre \u00e9quipe de menuisiers<\/h2> <p  class=\"lead\"> Vous recherchez des menuisiers \u00e0 Craon pour vos travaux de construction ou de r\u00e9novation ? La SARL Monnier, entreprise de menuiserie certifi\u00e9e RGE, intervient aupr\u00e8s des particuliers, des collectivit\u00e9s et des professionnels en Mayenne, en Ille-et-Vilaine, en Loire-Atlantique et dans le Maine-et-Loire. Contactez-nous ou rendez-nous visite \u00e0 Saint-Martin-du-Limet. Notre \u00e9quipe vous conseillera sur votre projet et le choix des mat\u00e9riaux. <\/p> <\/div> <\/div> <div  class=\"row middle-sm\"> <div  class=\"col-xs-12 col-sm-6 image-holder space-bottom-xs\"> <a data-cp-link=\"1\" href=\"https:\/\/goo.gl\/maps\/4nrcUW4QyEkSgT749\" target=\"_self\" rel=\"noopener noreferrer\" class=\"\"><img  class=\"lazy loaded\" decoding=\"async\" src=\"https:\/\/monnier-menuiserie.com\/web\/wp-content\/uploads\/2020\/07\/download.png\" data-src=\"https:\/\/monnier-menuiserie.com\/web\/wp-content\/uploads\/2020\/07\/download.png\" data-was-processed=\"true\"><\/a> <\/div> <div  class=\"col-xs-12 col-sm-6\"> <div  class=\"row middle-sm\"> <div  data-type=\"column\" class=\"col-xs-12 space-bottom-small\"> <h3  class=\"color1\"> Nos coordonn\u00e9es<\/h3> <\/div> <\/div> <div  class=\"row middle-sm\" data-type=\"row\"> <div  class=\"col-xs-12 space-bottom-small\"> <div  class=\"row\"> <div  data-type=\"column\" class=\"col-xs-12 col-sm-fit label-col\"> <h5  class=\"\">Addresse:<\/h5> <\/div> <div  data-type=\"column\" class=\"col-xs-12 col-sm\"> <p  class=\"\">La Jarriais<br >\n53800  Saint-Martin-du-Limet<\/p> <\/div> <\/div> <\/div> <div  class=\"col-xs-12 space-bottom-small\"> <div  class=\"row\"> <div  data-type=\"column\" class=\"col-xs-12 col-sm-fit label-col\"> <h5  class=\"\">T\u00e9l\u00e9phone:<\/h5> <\/div> <div  data-type=\"column\" class=\"col-xs-12 col-sm\"> <p  class=\"\">02 43 06 43 04<\/p> <\/div> <\/div> <\/div> <div  class=\"col-xs-12 space-bottom-small\"> <div  class=\"row\"> <div  data-type=\"column\" class=\"col-xs-12 col-sm-fit label-col\"> <h5  class=\"\">Email:<\/h5> <\/div> <div  data-type=\"column\" class=\"col-xs-12 col-sm\"> <a href=\"mailto:accueil@sarlmonnier.com\" class=\"\" target=\"_self\" data-cp-link=\"1\" rel=\"noopener noreferrer\">accueil@sarlmonnier.com<\/a> <\/div> <\/div> <\/div> <div  class=\"col-xs-12 space-bottom-small\"> <div  class=\"row\"> <div  data-type=\"column\" class=\"col-xs-12 col-sm-fit label-col\"> <h5  class=\"\">Nous suivre:<\/h5> <\/div> <div  data-type=\"column\" class=\"col-xs-12 col-sm\"> <div  data-type=\"group\" class=\"\"> <a href=\"https:\/\/www.facebook.com\/profile.php?id=100008449398874\" target=\"_self\" rel=\"noopener noreferrer\" class=\"\" data-reiki-hidden=\"true\"><i  class=\"fa icon fa-twitter-square color1\"><\/i><\/a> <a href=\"https:\/\/www.facebook.com\/profile.php?id=100008449398874\" target=\"_self\" rel=\"noopener noreferrer\" class=\"\"><i  class=\"fa icon fa-facebook-square color1\"><\/i><\/a> <a href=\"#\" target=\"_self\" data-reiki-hidden=\"true\" rel=\"noopener noreferrer\"><i  class=\"fa icon fa-instagram color1\"><\/i><\/a> <a href=\"#\" target=\"_self\" data-reiki-hidden=\"true\" rel=\"noopener noreferrer\"><i  class=\"fa icon fa-rss color1\"><\/i><\/a> <\/div> <\/div> <\/div> <\/div> <\/div> <\/div> <\/div> <\/div> <\/div><div  data-label=\"Contact\" data-id=\"contact-1\" data-export-id=\"contact-1\" data-category=\"contact\" class=\"contact-1 content-section content-section-spacing white-text lazy\" data-parallax-depth=\"20\" id=\"contact-1\" style=\"background-color: rgb(245, 250, 253); background-size: cover; background-position: center top;\" data-bg=\"url(&quot;http:\/\/intdesign.mihai1-work.cloud-press.net\/wp-content\/uploads\/2018\/02\/header-intdesign-1.jpg&quot;)\" data-section-ov=\"1\" data-was-processed=\"true\"> <div  class=\"gridContainer\"> <div  class=\"row text-center\"> <div  class=\"section-title-col\" data-type=\"column\"> <h2  class=\"\"> Formulaire de contact<\/h2> <p  class=\"lead\"> Vous avez un projet \u00e0 nous soumettre ? Contactez-nous !<\/p> <\/div> <\/div> <div  class=\"row text-center\"> <div  class=\"col-xs-12 col-sm-8 col-sm-offset-2 contact-form-wrapper inline-info\"> <div  class=\"card large-padding\"> <div  class=\"\" data-content-shortcode=\"mesmerize_contact_form shortcode=&quot;contact-form-7 id=&amp;amp;quot;7&amp;amp;quot; title=&amp;amp;quot;Formulaire de contact 1&amp;amp;quot;&quot;\" data-editable=\"true\">\n<div class=\"wpcf7 no-js\" id=\"wpcf7-f7-o1\" lang=\"fr-FR\" dir=\"ltr\">\n<div class=\"screen-reader-response\"><p role=\"status\" aria-live=\"polite\" aria-atomic=\"true\"><\/p> <ul><\/ul><\/div>\n<form action=\"\/web\/wp-json\/wp\/v2\/pages\/184#wpcf7-f7-o1\" method=\"post\" class=\"wpcf7-form init\" aria-label=\"Formulaire de contact\" novalidate=\"novalidate\" data-status=\"init\">\n<div style=\"display: none;\">\n<input type=\"hidden\" name=\"_wpcf7\" value=\"7\" \/>\n<input type=\"hidden\" name=\"_wpcf7_version\" value=\"5.7.4\" \/>\n<input type=\"hidden\" name=\"_wpcf7_locale\" value=\"fr_FR\" \/>\n<input type=\"hidden\" name=\"_wpcf7_unit_tag\" value=\"wpcf7-f7-o1\" \/>\n<input type=\"hidden\" name=\"_wpcf7_container_post\" value=\"0\" \/>\n<input type=\"hidden\" name=\"_wpcf7_posted_data_hash\" value=\"\" \/>\n<\/div>\n<p><label> Votre nom<br \/>\n<span class=\"wpcf7-form-control-wrap\" data-name=\"your-name\"><input size=\"40\" class=\"wpcf7-form-control wpcf7-text wpcf7-validates-as-required\" aria-required=\"true\" aria-invalid=\"false\" value=\"\" type=\"text\" name=\"your-name\" \/><\/span> <\/label>\n<\/p>\n<p><label> Votre e-mail<br \/>\n<span class=\"wpcf7-form-control-wrap\" data-name=\"your-email\"><input size=\"40\" class=\"wpcf7-form-control wpcf7-text wpcf7-email wpcf7-validates-as-required wpcf7-validates-as-email\" aria-required=\"true\" aria-invalid=\"false\" value=\"\" type=\"email\" name=\"your-email\" \/><\/span> <\/label>\n<\/p>\n<p><label> Objet<br \/>\n<span class=\"wpcf7-form-control-wrap\" data-name=\"your-subject\"><input size=\"40\" class=\"wpcf7-form-control wpcf7-text\" aria-invalid=\"false\" value=\"\" type=\"text\" name=\"your-subject\" \/><\/span> <\/label>\n<\/p>\n<p><label> Votre message<br \/>\n<span class=\"wpcf7-form-control-wrap\" data-name=\"your-message\"><textarea cols=\"40\" rows=\"10\" class=\"wpcf7-form-control wpcf7-textarea\" aria-invalid=\"false\" name=\"your-message\"><\/textarea><\/span> <\/label>\n<\/p>\n<p><input class=\"wpcf7-form-control has-spinner wpcf7-submit\" type=\"submit\" value=\"Envoyer\" \/>\n<\/p><div class=\"wpcf7-response-output\" aria-hidden=\"true\"><\/div>\n<\/form>\n<\/div>\n<\/div> <\/div> <\/div> <\/div> <\/div> <\/div>","protected":false},"excerpt":{"rendered":"<p>Contactez notre \u00e9quipe de menuisiers Vous recherchez des menuisiers \u00e0 Craon pour vos travaux de construction ou de r\u00e9novation ? La SARL Monnier, entreprise de menuiserie certifi\u00e9e RGE, intervient aupr\u00e8s des particuliers, des collectivit\u00e9s et des professionnels en Mayenne, en Ille-et-Vilaine, en Loire-Atlantique et dans le Maine-et-Loire. Contactez-nous ou rendez-nous visite \u00e0 Saint-Martin-du-Limet. Notre \u00e9quipe&hellip; <br \/> <a class=\"read-more\" href=\"https:\/\/monnier-menuiserie.com\/web\/contact\/\">Lire la suite<\/a><\/p>\n","protected":false},"author":1,"featured_media":0,"parent":0,"menu_order":0,"comment_status":"closed","ping_status":"closed","template":"pro\/page-templates\/full-width-page.php","meta":[],"yoast_head":"<!-- This site is optimized with the Yoast SEO plugin v20.1 - https:\/\/yoast.com\/wordpress\/plugins\/seo\/ -->\n<title>Contact - SARL Monnier<\/title>\n<meta name=\"robots\" content=\"index, follow, max-snippet:-1, max-image-preview:large, max-video-preview:-1\" \/>\n<link rel=\"canonical\" href=\"https:\/\/monnier-menuiserie.com\/web\/contact\/\" \/>\n<meta property=\"og:locale\" content=\"fr_FR\" \/>\n<meta property=\"og:type\" content=\"article\" \/>\n<meta property=\"og:title\" content=\"Contact - SARL Monnier\" \/>\n<meta property=\"og:description\" content=\"Contactez notre \u00e9quipe de menuisiers Vous recherchez des menuisiers \u00e0 Craon pour vos travaux de construction ou de r\u00e9novation ? La SARL Monnier, entreprise de menuiserie certifi\u00e9e RGE, intervient aupr\u00e8s des particuliers, des collectivit\u00e9s et des professionnels en Mayenne, en Ille-et-Vilaine, en Loire-Atlantique et dans le Maine-et-Loire. Contactez-nous ou rendez-nous visite \u00e0 Saint-Martin-du-Limet. Notre \u00e9quipe&hellip; Lire la suite\" \/>\n<meta property=\"og:url\" content=\"https:\/\/monnier-menuiserie.com\/web\/contact\/\" \/>\n<meta property=\"og:site_name\" content=\"SARL Monnier\" \/>\n<meta property=\"article:publisher\" content=\"https:\/\/www.facebook.com\/Monnier-SARL-103824751091628\/\" \/>\n<meta property=\"article:modified_time\" content=\"2023-08-23T15:00:43+00:00\" \/>\n<meta property=\"og:image\" content=\"https:\/\/monnier-menuiserie.com\/web\/wp-content\/uploads\/2020\/07\/download.png\" \/>\n<meta name=\"twitter:card\" content=\"summary_large_image\" \/>\n<meta name=\"twitter:label1\" content=\"Dur\u00e9e de lecture estim\u00e9e\" \/>\n\t<meta name=\"twitter:data1\" content=\"1 minute\" \/>\n<script type=\"application\/ld+json\" class=\"yoast-schema-graph\">{\"@context\":\"https:\/\/schema.org\",\"@graph\":[{\"@type\":\"WebPage\",\"@id\":\"https:\/\/monnier-menuiserie.com\/web\/contact\/\",\"url\":\"https:\/\/monnier-menuiserie.com\/web\/contact\/\",\"name\":\"Contact - SARL Monnier\",\"isPartOf\":{\"@id\":\"https:\/\/monnier-menuiserie.com\/web\/#website\"},\"datePublished\":\"2018-02-16T16:05:23+00:00\",\"dateModified\":\"2023-08-23T15:00:43+00:00\",\"breadcrumb\":{\"@id\":\"https:\/\/monnier-menuiserie.com\/web\/contact\/#breadcrumb\"},\"inLanguage\":\"fr-FR\",\"potentialAction\":[{\"@type\":\"ReadAction\",\"target\":[\"https:\/\/monnier-menuiserie.com\/web\/contact\/\"]}]},{\"@type\":\"BreadcrumbList\",\"@id\":\"https:\/\/monnier-menuiserie.com\/web\/contact\/#breadcrumb\",\"itemListElement\":[{\"@type\":\"ListItem\",\"position\":1,\"name\":\"Accueil\",\"item\":\"https:\/\/monnier-menuiserie.com\/web\/\"},{\"@type\":\"ListItem\",\"position\":2,\"name\":\"Contact\"}]},{\"@type\":\"WebSite\",\"@id\":\"https:\/\/monnier-menuiserie.com\/web\/#website\",\"url\":\"https:\/\/monnier-menuiserie.com\/web\/\",\"name\":\"SARL Monnier\",\"description\":\"\",\"publisher\":{\"@id\":\"https:\/\/monnier-menuiserie.com\/web\/#organization\"},\"potentialAction\":[{\"@type\":\"SearchAction\",\"target\":{\"@type\":\"EntryPoint\",\"urlTemplate\":\"https:\/\/monnier-menuiserie.com\/web\/?s={search_term_string}\"},\"query-input\":\"required name=search_term_string\"}],\"inLanguage\":\"fr-FR\"},{\"@type\":\"Organization\",\"@id\":\"https:\/\/monnier-menuiserie.com\/web\/#organization\",\"name\":\"SARL Monnier\",\"url\":\"https:\/\/monnier-menuiserie.com\/web\/\",\"logo\":{\"@type\":\"ImageObject\",\"inLanguage\":\"fr-FR\",\"@id\":\"https:\/\/monnier-menuiserie.com\/web\/#\/schema\/logo\/image\/\",\"url\":\"https:\/\/monnier-menuiserie.com\/web\/wp-content\/uploads\/2020\/07\/cropped-logo-sarl-monnier-400x300-2.png\",\"contentUrl\":\"https:\/\/monnier-menuiserie.com\/web\/wp-content\/uploads\/2020\/07\/cropped-logo-sarl-monnier-400x300-2.png\",\"width\":400,\"height\":186,\"caption\":\"SARL Monnier\"},\"image\":{\"@id\":\"https:\/\/monnier-menuiserie.com\/web\/#\/schema\/logo\/image\/\"},\"sameAs\":[\"https:\/\/www.facebook.com\/Monnier-SARL-103824751091628\/\"]}]}<\/script>\n<!-- \/ Yoast SEO plugin. -->","yoast_head_json":{"title":"Contact - SARL Monnier","robots":{"index":"index","follow":"follow","max-snippet":"max-snippet:-1","max-image-preview":"max-image-preview:large","max-video-preview":"max-video-preview:-1"},"canonical":"https:\/\/monnier-menuiserie.com\/web\/contact\/","og_locale":"fr_FR","og_type":"article","og_title":"Contact - SARL Monnier","og_description":"Contactez notre \u00e9quipe de menuisiers Vous recherchez des menuisiers \u00e0 Craon pour vos travaux de construction ou de r\u00e9novation ? La SARL Monnier, entreprise de menuiserie certifi\u00e9e RGE, intervient aupr\u00e8s des particuliers, des collectivit\u00e9s et des professionnels en Mayenne, en Ille-et-Vilaine, en Loire-Atlantique et dans le Maine-et-Loire. Contactez-nous ou rendez-nous visite \u00e0 Saint-Martin-du-Limet. Notre \u00e9quipe&hellip; Lire la suite","og_url":"https:\/\/monnier-menuiserie.com\/web\/contact\/","og_site_name":"SARL Monnier","article_publisher":"https:\/\/www.facebook.com\/Monnier-SARL-103824751091628\/","article_modified_time":"2023-08-23T15:00:43+00:00","og_image":[{"url":"https:\/\/monnier-menuiserie.com\/web\/wp-content\/uploads\/2020\/07\/download.png"}],"twitter_card":"summary_large_image","twitter_misc":{"Dur\u00e9e de lecture estim\u00e9e":"1 minute"},"schema":{"@context":"https:\/\/schema.org","@graph":[{"@type":"WebPage","@id":"https:\/\/monnier-menuiserie.com\/web\/contact\/","url":"https:\/\/monnier-menuiserie.com\/web\/contact\/","name":"Contact - SARL Monnier","isPartOf":{"@id":"https:\/\/monnier-menuiserie.com\/web\/#website"},"datePublished":"2018-02-16T16:05:23+00:00","dateModified":"2023-08-23T15:00:43+00:00","breadcrumb":{"@id":"https:\/\/monnier-menuiserie.com\/web\/contact\/#breadcrumb"},"inLanguage":"fr-FR","potentialAction":[{"@type":"ReadAction","target":["https:\/\/monnier-menuiserie.com\/web\/contact\/"]}]},{"@type":"BreadcrumbList","@id":"https:\/\/monnier-menuiserie.com\/web\/contact\/#breadcrumb","itemListElement":[{"@type":"ListItem","position":1,"name":"Accueil","item":"https:\/\/monnier-menuiserie.com\/web\/"},{"@type":"ListItem","position":2,"name":"Contact"}]},{"@type":"WebSite","@id":"https:\/\/monnier-menuiserie.com\/web\/#website","url":"https:\/\/monnier-menuiserie.com\/web\/","name":"SARL Monnier","description":"","publisher":{"@id":"https:\/\/monnier-menuiserie.com\/web\/#organization"},"potentialAction":[{"@type":"SearchAction","target":{"@type":"EntryPoint","urlTemplate":"https:\/\/monnier-menuiserie.com\/web\/?s={search_term_string}"},"query-input":"required name=search_term_string"}],"inLanguage":"fr-FR"},{"@type":"Organization","@id":"https:\/\/monnier-menuiserie.com\/web\/#organization","name":"SARL Monnier","url":"https:\/\/monnier-menuiserie.com\/web\/","logo":{"@type":"ImageObject","inLanguage":"fr-FR","@id":"https:\/\/monnier-menuiserie.com\/web\/#\/schema\/logo\/image\/","url":"https:\/\/monnier-menuiserie.com\/web\/wp-content\/uploads\/2020\/07\/cropped-logo-sarl-monnier-400x300-2.png","contentUrl":"https:\/\/monnier-menuiserie.com\/web\/wp-content\/uploads\/2020\/07\/cropped-logo-sarl-monnier-400x300-2.png","width":400,"height":186,"caption":"SARL Monnier"},"image":{"@id":"https:\/\/monnier-menuiserie.com\/web\/#\/schema\/logo\/image\/"},"sameAs":["https:\/\/www.facebook.com\/Monnier-SARL-103824751091628\/"]}]}},"_links":{"self":[{"href":"https:\/\/monnier-menuiserie.com\/web\/wp-json\/wp\/v2\/pages\/184"}],"collection":[{"href":"https:\/\/monnier-menuiserie.com\/web\/wp-json\/wp\/v2\/pages"}],"about":[{"href":"https:\/\/monnier-menuiserie.com\/web\/wp-json\/wp\/v2\/types\/page"}],"author":[{"embeddable":true,"href":"https:\/\/monnier-menuiserie.com\/web\/wp-json\/wp\/v2\/users\/1"}],"replies":[{"embeddable":true,"href":"https:\/\/monnier-menuiserie.com\/web\/wp-json\/wp\/v2\/comments?post=184"}],"version-history":[{"count":6,"href":"https:\/\/monnier-menuiserie.com\/web\/wp-json\/wp\/v2\/pages\/184\/revisions"}],"predecessor-version":[{"id":845,"href":"https:\/\/monnier-menuiserie.com\/web\/wp-json\/wp\/v2\/pages\/184\/revisions\/845"}],"wp:attachment":[{"href":"https:\/\/monnier-menuiserie.com\/web\/wp-json\/wp\/v2\/media?parent=184"}],"curies":[{"name":"wp","href":"https:\/\/api.w.org\/{rel}","templated":true}]}}