{"id":182,"date":"2018-02-16T16:05:12","date_gmt":"2018-02-16T16:05:12","guid":{"rendered":"http:\/\/intdesign.mihai1-work.cloud-press.net\/?page_id=182"},"modified":"2022-07-27T10:50:56","modified_gmt":"2022-07-27T08:50:56","slug":"projets","status":"publish","type":"page","link":"https:\/\/monnier-menuiserie.com\/web\/projets\/","title":{"rendered":"Projets"},"content":{"rendered":"<div  data-label=\"Portfolio\" data-id=\"portfolio-1\" data-export-id=\"portfolio-1\" data-category=\"portfolio\" class=\"portfolio-1 content-section content-section-spacing\" id=\"portfolio-1\" style=\"background-color: rgb(255, 255, 255);\">\n    <div  class=\"gridContainer\">\n        <div  class=\"row text-center\">\n            <div  class=\"section-title-col\" data-type=\"column\">\n                <h5  class=\"\">PROJETS COMPLETS<\/h5><h2  class=\"\"> Vous pouvez \u00eatre fier de vos suggestions<\/h2>\n                \n            <\/div>\n        <\/div>\n        <div  data-type=\"row\" class=\"row spaced-cols\">\n            <div  class=\"col-xs-12 col-sm-4\">\n                <div  class=\"contentswap-effect visible\" data-hover-fx=\"portfolio-1\">\n                    <div  class=\"initial-image\">\n                        <img decoding=\"async\"  data-size=\"500x500\" src=\"https:\/\/monnier-menuiserie.com\/web\/wp-content\/uploads\/2020\/07\/cropped-2953-3.jpg\"> <\/div>\n                    <div  class=\"overlay\"><\/div>\n                    <div  class=\"swap-inner col-xs-12\">\n                        <div  class=\"row full-height-row bottom-xs\">\n                            <div  class=\"col-xs-12 color1 text-center content-holder\">\n                                <h4  class=\"end inverted font-500\"><\/h4>\n                                <a href=\"#\" class=\"inverted italic p small\" target=\"_self\" data-cp-link=\"1\" rel=\"noopener noreferrer\">Am\u00e9nagement d\u2019une salle de bain<\/a>\n                            <\/div>\n                        <\/div>\n                    <\/div>\n                <\/div>\n            <\/div>\n            <div  class=\"col-xs-12 col-sm-4\">\n                <div  class=\"contentswap-effect visible\" data-hover-fx=\"portfolio-1\">\n                    <div  class=\"initial-image\">\n                        <img decoding=\"async\"  data-size=\"500x500\" src=\"https:\/\/monnier-menuiserie.com\/web\/wp-content\/uploads\/2020\/07\/cropped-124-1.jpg\"> <\/div>\n                    <div  class=\"overlay\"><\/div>\n                    <div  class=\"swap-inner col-xs-12\">\n                        <div  class=\"row full-height-row bottom-xs\">\n                            <div  class=\"col-xs-12 color1 text-center content-holder\">\n                                <h4  class=\"end inverted font-500\"><\/h4>\n                                <a href=\"\/\/monnier-menuiserie.com\/web\/amenagement-de-combles-reprise-de-charpente\" class=\"inverted italic p small\" target=\"_self\" data-cp-link=\"1\" rel=\"noopener noreferrer\">Reprise de charpente<\/a>\n                            <\/div>\n                        <\/div>\n                    <\/div>\n                <\/div>\n            <\/div>\n            <div  class=\"col-xs-12 col-sm-4\">\n                <div  class=\"contentswap-effect visible\" data-hover-fx=\"portfolio-1\">\n                    <div  class=\"initial-image\">\n                        <img decoding=\"async\"  data-size=\"500x500\" src=\"https:\/\/monnier-menuiserie.com\/web\/wp-content\/uploads\/2020\/07\/cropped-65-2.jpg\"> <\/div>\n                    <div  class=\"overlay\"><\/div>\n                    <div  class=\"swap-inner col-xs-12\">\n                        <div  class=\"row full-height-row bottom-xs\">\n                            <div  class=\"col-xs-12 color1 text-center content-holder\">\n                                <h4  class=\"end inverted font-500\"><\/h4>\n                                <a href=\"#\" class=\"inverted italic p small\" target=\"_self\" data-cp-link=\"1\" rel=\"noopener noreferrer\">Bardage Bois<\/a>\n                            <\/div>\n                        <\/div>\n                    <\/div>\n                <\/div>\n            <\/div>\n            <div  class=\"col-xs-12 col-sm-4\">\n                <div  class=\"contentswap-effect visible\" data-hover-fx=\"portfolio-1\">\n                    <div  class=\"initial-image\">\n                        <img decoding=\"async\"  data-size=\"500x500\" src=\"https:\/\/monnier-menuiserie.com\/web\/wp-content\/uploads\/2020\/07\/cropped-79.jpg\"> <\/div>\n                    <div  class=\"overlay\"><\/div>\n                    <div  class=\"swap-inner col-xs-12\">\n                        <div  class=\"row full-height-row bottom-xs\">\n                            <div  class=\"col-xs-12 color1 text-center content-holder\">\n                                <h4  class=\"end inverted font-500\"><\/h4>\n                                <a href=\"#\" class=\"inverted italic p small\" target=\"_self\" data-cp-link=\"1\" rel=\"noopener noreferrer\">Portail sur mesure<\/a>\n                            <\/div>\n                        <\/div>\n                    <\/div>\n                <\/div>\n            <\/div>\n            <div  class=\"col-xs-12 col-sm-4\">\n                <div  class=\"contentswap-effect visible\" data-hover-fx=\"portfolio-1\">\n                    <div  class=\"initial-image\">\n                        <img decoding=\"async\"  data-size=\"500x500\" src=\"https:\/\/monnier-menuiserie.com\/web\/wp-content\/uploads\/2020\/07\/cropped-47-2.jpg\"> <\/div>\n                    <div  class=\"overlay\"><\/div>\n                    <div  class=\"swap-inner col-xs-12\">\n                        <div  class=\"row full-height-row bottom-xs\">\n                            <div  class=\"col-xs-12 color1 text-center content-holder\">\n                                <h4  class=\"end inverted font-500\"><\/h4>\n                                <a href=\"#\" class=\"inverted italic p small\" target=\"_self\" data-cp-link=\"1\" rel=\"noopener noreferrer\">Pergola<\/a>\n                            <\/div>\n                        <\/div>\n                    <\/div>\n                <\/div>\n            <\/div>\n            <div  class=\"col-xs-12 col-sm-4\">\n                <div  class=\"contentswap-effect visible\" data-hover-fx=\"portfolio-1\">\n                    <div  class=\"initial-image\">\n                        <img decoding=\"async\"  data-size=\"500x500\" src=\"https:\/\/monnier-menuiserie.com\/web\/wp-content\/uploads\/2020\/07\/cropped-95-2.jpg\"> <\/div>\n                    <div  class=\"overlay\"><\/div>\n                    <div  class=\"swap-inner col-xs-12\">\n                        <div  class=\"row full-height-row bottom-xs\">\n                            <div  class=\"col-xs-12 color1 text-center content-holder\">\n                                <h4  class=\"end inverted font-500\"><\/h4>\n                                <a href=\"#\" class=\"inverted italic p small\" target=\"_self\" data-cp-link=\"1\" rel=\"noopener noreferrer\">Un escalier sur mesure<\/a>\n                            <\/div>\n                        <\/div>\n                    <\/div>\n                <\/div>\n            <\/div>\n        <\/div>\n    <\/div>\n<\/div><div  data-label=\"Cta\" data-id=\"cta-centered-section-grid\" data-export-id=\"cta-centered-section-grid\" data-category=\"cta\" class=\"cta-centered-section-grid content-section content-section-spacing-medium bg-color1 white-text\" id=\"cta-2\" style=\"background-image: url('https:\/\/intdesign.mihai1-work.cloud-press.net\/wp-content\/uploads\/2018\/02\/header-intdesign-1.jpg'); background-size: cover; background-position: center top;\" data-section-ov=\"1\">\n    <div  class=\"gridContainer\">\n        <div  class=\"row text-center\">\n            <div  class=\"col-xs-12 col-sm-10 col-sm-offset-1 col-md-8 col-md-offset-2\" data-type=\"column\">\n                <h2  class=\"\">A vous de nous proposer votre projet<\/h2>\n                <p  class=\"\">Contactez-nous ou rendez-nous visite \u00e0 Saint-Martin-du-Limet. Notre \u00e9quipe vous conseillera sur votre projet et le choix des mat\u00e9riaux.<\/p>\n                <a class=\"button big color2 square\" href=\"https:\/\/monnier-menuiserie.com\/web\/contact\" target=\"_self\" data-cp-link=\"1\" data-icon=\"\" rel=\"noopener noreferrer\"> Nous Contacter <\/a>\n            <\/div>\n        <\/div>\n    <\/div>\n<\/div>","protected":false},"excerpt":{"rendered":"<p>PROJETS COMPLETS Vous pouvez \u00eatre fier de vos suggestions Am\u00e9nagement d\u2019une salle de bain Reprise de charpente Bardage Bois Portail sur mesure Pergola Un escalier sur mesure A vous de nous proposer votre projet Contactez-nous ou rendez-nous visite \u00e0 Saint-Martin-du-Limet. Notre \u00e9quipe vous conseillera sur votre projet et le choix des mat\u00e9riaux. Nous Contacter<\/p>\n","protected":false},"author":1,"featured_media":0,"parent":0,"menu_order":0,"comment_status":"closed","ping_status":"closed","template":"pro\/page-templates\/full-width-page.php","meta":[],"yoast_head":"<!-- This site is optimized with the Yoast SEO plugin v20.1 - https:\/\/yoast.com\/wordpress\/plugins\/seo\/ -->\n<title>Projets - SARL Monnier<\/title>\n<meta name=\"robots\" content=\"index, follow, max-snippet:-1, max-image-preview:large, max-video-preview:-1\" \/>\n<link rel=\"canonical\" href=\"https:\/\/monnier-menuiserie.com\/web\/projets\/\" \/>\n<meta property=\"og:locale\" content=\"fr_FR\" \/>\n<meta property=\"og:type\" content=\"article\" \/>\n<meta property=\"og:title\" content=\"Projets - SARL Monnier\" \/>\n<meta property=\"og:description\" content=\"PROJETS COMPLETS Vous pouvez \u00eatre fier de vos suggestions Am\u00e9nagement d\u2019une salle de bain Reprise de charpente Bardage Bois Portail sur mesure Pergola Un escalier sur mesure A vous de nous proposer votre projet Contactez-nous ou rendez-nous visite \u00e0 Saint-Martin-du-Limet. Notre \u00e9quipe vous conseillera sur votre projet et le choix des mat\u00e9riaux. Nous Contacter\" \/>\n<meta property=\"og:url\" content=\"https:\/\/monnier-menuiserie.com\/web\/projets\/\" \/>\n<meta property=\"og:site_name\" content=\"SARL Monnier\" \/>\n<meta property=\"article:publisher\" content=\"https:\/\/www.facebook.com\/Monnier-SARL-103824751091628\/\" \/>\n<meta property=\"article:modified_time\" content=\"2022-07-27T08:50:56+00:00\" \/>\n<meta property=\"og:image\" content=\"https:\/\/monnier-menuiserie.com\/web\/wp-content\/uploads\/2020\/07\/cropped-2953-3.jpg\" \/>\n<meta name=\"twitter:card\" content=\"summary_large_image\" \/>\n<script type=\"application\/ld+json\" class=\"yoast-schema-graph\">{\"@context\":\"https:\/\/schema.org\",\"@graph\":[{\"@type\":\"WebPage\",\"@id\":\"https:\/\/monnier-menuiserie.com\/web\/projets\/\",\"url\":\"https:\/\/monnier-menuiserie.com\/web\/projets\/\",\"name\":\"Projets - SARL Monnier\",\"isPartOf\":{\"@id\":\"https:\/\/monnier-menuiserie.com\/web\/#website\"},\"datePublished\":\"2018-02-16T16:05:12+00:00\",\"dateModified\":\"2022-07-27T08:50:56+00:00\",\"breadcrumb\":{\"@id\":\"https:\/\/monnier-menuiserie.com\/web\/projets\/#breadcrumb\"},\"inLanguage\":\"fr-FR\",\"potentialAction\":[{\"@type\":\"ReadAction\",\"target\":[\"https:\/\/monnier-menuiserie.com\/web\/projets\/\"]}]},{\"@type\":\"BreadcrumbList\",\"@id\":\"https:\/\/monnier-menuiserie.com\/web\/projets\/#breadcrumb\",\"itemListElement\":[{\"@type\":\"ListItem\",\"position\":1,\"name\":\"Accueil\",\"item\":\"https:\/\/monnier-menuiserie.com\/web\/\"},{\"@type\":\"ListItem\",\"position\":2,\"name\":\"Projets\"}]},{\"@type\":\"WebSite\",\"@id\":\"https:\/\/monnier-menuiserie.com\/web\/#website\",\"url\":\"https:\/\/monnier-menuiserie.com\/web\/\",\"name\":\"SARL Monnier\",\"description\":\"\",\"publisher\":{\"@id\":\"https:\/\/monnier-menuiserie.com\/web\/#organization\"},\"potentialAction\":[{\"@type\":\"SearchAction\",\"target\":{\"@type\":\"EntryPoint\",\"urlTemplate\":\"https:\/\/monnier-menuiserie.com\/web\/?s={search_term_string}\"},\"query-input\":\"required name=search_term_string\"}],\"inLanguage\":\"fr-FR\"},{\"@type\":\"Organization\",\"@id\":\"https:\/\/monnier-menuiserie.com\/web\/#organization\",\"name\":\"SARL Monnier\",\"url\":\"https:\/\/monnier-menuiserie.com\/web\/\",\"logo\":{\"@type\":\"ImageObject\",\"inLanguage\":\"fr-FR\",\"@id\":\"https:\/\/monnier-menuiserie.com\/web\/#\/schema\/logo\/image\/\",\"url\":\"https:\/\/monnier-menuiserie.com\/web\/wp-content\/uploads\/2020\/07\/cropped-logo-sarl-monnier-400x300-2.png\",\"contentUrl\":\"https:\/\/monnier-menuiserie.com\/web\/wp-content\/uploads\/2020\/07\/cropped-logo-sarl-monnier-400x300-2.png\",\"width\":400,\"height\":186,\"caption\":\"SARL Monnier\"},\"image\":{\"@id\":\"https:\/\/monnier-menuiserie.com\/web\/#\/schema\/logo\/image\/\"},\"sameAs\":[\"https:\/\/www.facebook.com\/Monnier-SARL-103824751091628\/\"]}]}<\/script>\n<!-- \/ Yoast SEO plugin. -->","yoast_head_json":{"title":"Projets - SARL Monnier","robots":{"index":"index","follow":"follow","max-snippet":"max-snippet:-1","max-image-preview":"max-image-preview:large","max-video-preview":"max-video-preview:-1"},"canonical":"https:\/\/monnier-menuiserie.com\/web\/projets\/","og_locale":"fr_FR","og_type":"article","og_title":"Projets - SARL Monnier","og_description":"PROJETS COMPLETS Vous pouvez \u00eatre fier de vos suggestions Am\u00e9nagement d\u2019une salle de bain Reprise de charpente Bardage Bois Portail sur mesure Pergola Un escalier sur mesure A vous de nous proposer votre projet Contactez-nous ou rendez-nous visite \u00e0 Saint-Martin-du-Limet. Notre \u00e9quipe vous conseillera sur votre projet et le choix des mat\u00e9riaux. Nous Contacter","og_url":"https:\/\/monnier-menuiserie.com\/web\/projets\/","og_site_name":"SARL Monnier","article_publisher":"https:\/\/www.facebook.com\/Monnier-SARL-103824751091628\/","article_modified_time":"2022-07-27T08:50:56+00:00","og_image":[{"url":"https:\/\/monnier-menuiserie.com\/web\/wp-content\/uploads\/2020\/07\/cropped-2953-3.jpg"}],"twitter_card":"summary_large_image","schema":{"@context":"https:\/\/schema.org","@graph":[{"@type":"WebPage","@id":"https:\/\/monnier-menuiserie.com\/web\/projets\/","url":"https:\/\/monnier-menuiserie.com\/web\/projets\/","name":"Projets - SARL Monnier","isPartOf":{"@id":"https:\/\/monnier-menuiserie.com\/web\/#website"},"datePublished":"2018-02-16T16:05:12+00:00","dateModified":"2022-07-27T08:50:56+00:00","breadcrumb":{"@id":"https:\/\/monnier-menuiserie.com\/web\/projets\/#breadcrumb"},"inLanguage":"fr-FR","potentialAction":[{"@type":"ReadAction","target":["https:\/\/monnier-menuiserie.com\/web\/projets\/"]}]},{"@type":"BreadcrumbList","@id":"https:\/\/monnier-menuiserie.com\/web\/projets\/#breadcrumb","itemListElement":[{"@type":"ListItem","position":1,"name":"Accueil","item":"https:\/\/monnier-menuiserie.com\/web\/"},{"@type":"ListItem","position":2,"name":"Projets"}]},{"@type":"WebSite","@id":"https:\/\/monnier-menuiserie.com\/web\/#website","url":"https:\/\/monnier-menuiserie.com\/web\/","name":"SARL Monnier","description":"","publisher":{"@id":"https:\/\/monnier-menuiserie.com\/web\/#organization"},"potentialAction":[{"@type":"SearchAction","target":{"@type":"EntryPoint","urlTemplate":"https:\/\/monnier-menuiserie.com\/web\/?s={search_term_string}"},"query-input":"required name=search_term_string"}],"inLanguage":"fr-FR"},{"@type":"Organization","@id":"https:\/\/monnier-menuiserie.com\/web\/#organization","name":"SARL Monnier","url":"https:\/\/monnier-menuiserie.com\/web\/","logo":{"@type":"ImageObject","inLanguage":"fr-FR","@id":"https:\/\/monnier-menuiserie.com\/web\/#\/schema\/logo\/image\/","url":"https:\/\/monnier-menuiserie.com\/web\/wp-content\/uploads\/2020\/07\/cropped-logo-sarl-monnier-400x300-2.png","contentUrl":"https:\/\/monnier-menuiserie.com\/web\/wp-content\/uploads\/2020\/07\/cropped-logo-sarl-monnier-400x300-2.png","width":400,"height":186,"caption":"SARL Monnier"},"image":{"@id":"https:\/\/monnier-menuiserie.com\/web\/#\/schema\/logo\/image\/"},"sameAs":["https:\/\/www.facebook.com\/Monnier-SARL-103824751091628\/"]}]}},"_links":{"self":[{"href":"https:\/\/monnier-menuiserie.com\/web\/wp-json\/wp\/v2\/pages\/182"}],"collection":[{"href":"https:\/\/monnier-menuiserie.com\/web\/wp-json\/wp\/v2\/pages"}],"about":[{"href":"https:\/\/monnier-menuiserie.com\/web\/wp-json\/wp\/v2\/types\/page"}],"author":[{"embeddable":true,"href":"https:\/\/monnier-menuiserie.com\/web\/wp-json\/wp\/v2\/users\/1"}],"replies":[{"embeddable":true,"href":"https:\/\/monnier-menuiserie.com\/web\/wp-json\/wp\/v2\/comments?post=182"}],"version-history":[{"count":6,"href":"https:\/\/monnier-menuiserie.com\/web\/wp-json\/wp\/v2\/pages\/182\/revisions"}],"predecessor-version":[{"id":800,"href":"https:\/\/monnier-menuiserie.com\/web\/wp-json\/wp\/v2\/pages\/182\/revisions\/800"}],"wp:attachment":[{"href":"https:\/\/monnier-menuiserie.com\/web\/wp-json\/wp\/v2\/media?parent=182"}],"curies":[{"name":"wp","href":"https:\/\/api.w.org\/{rel}","templated":true}]}}