{"id":178,"date":"2018-02-16T16:04:47","date_gmt":"2018-02-16T16:04:47","guid":{"rendered":"http:\/\/intdesign.mihai1-work.cloud-press.net\/?page_id=178"},"modified":"2020-11-10T00:06:07","modified_gmt":"2020-11-09T23:06:07","slug":"la-charpente","status":"publish","type":"page","link":"https:\/\/monnier-menuiserie.com\/web\/la-charpente\/","title":{"rendered":"La charpente"},"content":{"rendered":"<div  data-label=\"Savoir faire charpente\" data-id=\"about-1\" data-export-id=\"about-1\" data-category=\"about\" class=\"about-1 content-section content-section-spacing\" id=\"savoir-faire-charpente\" style=\"background-color: rgb(255, 255, 255);\"> <div  class=\"gridContainer\"> <div  class=\"row text-center\"> <div  class=\"section-title-col\" data-type=\"column\"> <h5  class=\"\">SAVOIR-FAIRE<\/h5> <h2  class=\"\">Notre savoir-faire de charpentier pour vos travaux<\/h2> <p  class=\"lead\">Faites appel \u00e0 nos charpentiers de Craon pour vos travaux et autres constructions en bois ! Vous souhaitez gagner en surface habitable ou cr\u00e9er de nouveaux espaces ? Vous avez une maison, mais vous souhaitez l\u2019agrandir ou la sur\u00e9lever ? Vous faites construire votre maison ? L\u2019Entreprise Monnier est \u00e0 votre service pour r\u00e9aliser votre charpente sur mesure.<\/p>  <\/div> <\/div> <div  class=\"row\"> <div  class=\"col-xs bottom-xs flexbox image-group-bottom-3-img space-bottom-xs center-xs\"> <img decoding=\"async\"  class=\"left-img shadow-large-black\" data-size=\"500x300\" src=\"https:\/\/monnier-menuiserie.com\/web\/wp-content\/uploads\/2020\/07\/cropped-46-1.jpg\" alt=\"\" title=\"cropped-46-1.jpg\"> <img decoding=\"async\"  class=\"center-img shadow-large-black\" data-size=\"500x300\" src=\"https:\/\/monnier-menuiserie.com\/web\/wp-content\/uploads\/2020\/07\/cropped-47-1.jpg\" alt=\"\" title=\"cropped-47-1.jpg\"> <img decoding=\"async\"  class=\"right-img shadow-large-black\" data-size=\"500x300\" src=\"https:\/\/monnier-menuiserie.com\/web\/wp-content\/uploads\/2020\/07\/cropped-48.jpg\" alt=\"\" title=\"cropped-48.jpg\"> <\/div> <\/div> <\/div> <\/div><div  data-label=\"Les tapes de vos projets\" data-id=\"features-13-card-bordered\" data-export-id=\"features-13-card-bordered\" data-category=\"features\" class=\"features-13 content-section content-section-spacing\" id=\"les-tapes-de-vos-projets\" style=\"background-color: rgba(235, 195, 153, 0.2); background-image: none;\"> <div  class=\"gridContainer\"> <div  class=\"row text-center\"> <div  class=\"section-title-col\" data-type=\"column\"> <h2  class=\"\"> Dans chaque \u00e9tape de votre projet<\/h2> <p  class=\"lead\"> De la cr\u00e9ation de la structure \u00e0 ossature bois jusqu\u2019\u00e0 la charpente en bois, nous vous accompagnons \u00e0 chaque \u00e9tape de votre projet : <\/p> <\/div> <\/div> <div  class=\"row spaced-cols content-center-sm\" data-type=\"row\"> <div  class=\"col-sm-4 col-md-3 \"> <div  class=\"card bordered y-move\" data-type=\"column\">  <h4  class=\"\"><span  style=\"color: rgb(152, 67, 33);\"> Cr\u00e9ation et pose de charpente traditionnelle ou fermette<\/span><\/h4>   <img decoding=\"async\"  class=\"custom-image\" src=\"https:\/\/monnier-menuiserie.com\/web\/wp-content\/uploads\/2020\/07\/cropped-46.jpg\" alt=\"\" title=\"cropped-46.jpg\"><\/div> <\/div> <div  class=\"col-sm-4 col-md-3 \"> <div  class=\"card bordered y-move\" data-type=\"column\">  <h4  class=\"\"><span  style=\"color: rgb(152, 67, 33);\"> Construction, agrandissement et extension en ossature bois<\/span><\/h4>   <img decoding=\"async\"  class=\"custom-image\" src=\"https:\/\/monnier-menuiserie.com\/web\/wp-content\/uploads\/2020\/07\/cropped-53.jpg\" alt=\"\" title=\"cropped-53.jpg\"><\/div> <\/div> <div  class=\"col-sm-4 col-md-3 \"> <div  class=\"card bordered y-move\" data-type=\"column\">  <h4  class=\"\"><span  style=\"color: rgb(152, 67, 33);\"> Cr\u00e9ation d\u2019abri de garage, de pergola, de pr\u00e9au et appentis<\/span><\/h4>   <img decoding=\"async\"  class=\"custom-image\" src=\"#\"><img decoding=\"async\"  class=\"custom-image\" src=\"https:\/\/monnier-menuiserie.com\/web\/wp-content\/uploads\/2020\/07\/cropped-300.jpg\" alt=\"\" title=\"cropped-300.jpg\"><\/div> <\/div> <div  class=\"col-sm-4 col-md-3 \"> <div  class=\"card bordered y-move\" data-type=\"column\">  <h4  class=\"\"><span  style=\"color: rgb(152, 67, 33);\"> Modification de charpente en fermette pour am\u00e9nagement des combles<\/span><\/h4>   <img decoding=\"async\"  class=\"custom-image\" src=\"https:\/\/monnier-menuiserie.com\/web\/wp-content\/uploads\/2020\/07\/cropped-303.jpg\" alt=\"\" title=\"cropped-303.jpg\"><\/div> <\/div><\/div> <\/div> <\/div><div  data-label=\"Nos comptences\" data-id=\"features-16\" data-export-id=\"features-16\" data-category=\"features\" class=\"features-16 content-section content-section-spacing\" id=\"nos-comptences\" style=\"background-color: rgb(255, 255, 255);\"> <div  class=\"gridContainer\"> <div  class=\"row text-center\"> <div  class=\"section-title-col\" data-type=\"column\"> <h5  class=\"\">A VOTRE SERVICE<\/h5><h2  class=\"\"> DES COMP\u00c9TENCES \u00c0 LA HAUTEUR DE VOS PROJETS<\/h2> <p  class=\"lead\"> D\u00e9couvrez nos autre champs de comp\u00e9tences<\/p> <\/div> <\/div> <div  class=\"row spaced-cols\" data-type=\"row\"> <div  class=\"col-xs-12 col-sm-6 space-bottom col-md-3 \"> <img decoding=\"async\"  class=\"face\" src=\"https:\/\/monnier-menuiserie.com\/web\/wp-content\/uploads\/2020\/07\/cropped-360.jpg\" alt=\"\" title=\"cropped-360.jpg\"> <div  data-type=\"column\" class=\"col-padding-small col-padding-small-xs description-container\"> <h4  class=\"font-500\"><span  style=\"color: rgb(152, 67, 33);\">Menuiserie exterieure<\/span><\/h4> <p  class=\"\">Parce qu\u2019il est important d\u2019avoir des menuiseries ext\u00e9rieures de qualit\u00e9, tant pour prot\u00e9ger sa maison des effractions que pour renforcer l\u2019isolation thermique\u2026<\/p>  <a class=\"link\" href=\"menuiserie.com\/web\/menuiserie-exterieure-2\/\" target=\"_self\" data-cp-link=\"1\" rel=\"noopener noreferrer\">EN SAVOIR PLUS<\/a><\/div> <\/div> <div  class=\"col-xs-12 col-sm-6 space-bottom col-md-3 \"> <img decoding=\"async\"  class=\"face\" src=\"https:\/\/monnier-menuiserie.com\/web\/wp-content\/uploads\/2020\/07\/cropped-98.jpg\" alt=\"\" title=\"cropped-98.jpg\"> <div  data-type=\"column\" class=\"col-padding-small col-padding-small-xs description-container\"> <h4  class=\"font-500\"><span  style=\"color: rgb(152, 67, 33);\">Menuiserie interieure<\/span><\/h4> <p  class=\"\">D\u00e9couvrez nos services de cr\u00e9ation et pose de menuiseries int\u00e9rieures sur mesure pour am\u00e9nager votre maison, appartement, b\u00e2timent ou autre\u2026&nbsp;<\/p>  <a class=\"link\" href=\"https:\/\/monnier-menuiserie.com\/web\/menuiserie-interieure\" target=\"_self\" data-cp-link=\"1\" rel=\"noopener noreferrer\">EN SAVOIR PLUS<\/a><\/div> <\/div> <div  class=\"col-xs-12 col-sm-6 space-bottom col-md-3 \"> <img decoding=\"async\"  class=\"face\" src=\"https:\/\/monnier-menuiserie.com\/web\/wp-content\/uploads\/2020\/07\/cropped-118.jpg\" alt=\"\" title=\"cropped-118.jpg\"> <div  data-type=\"column\" class=\"col-padding-small col-padding-small-xs description-container\"> <h4  class=\"font-500\"><span  style=\"color: rgb(152, 67, 33);\">Agencement<\/span><\/h4> <p  class=\"\">Nous vous proposons des services d\u2019agencement sur mesure pour r\u00e9pondre au mieux \u00e0 vos attentes et \u00eatre s\u00fbrs de vous satisfaire\u2026.<\/p>  <a class=\"link\" href=\"https:\/\/monnier-menuiserie.com\/web\/agencement\" target=\"_self\" data-cp-link=\"1\" rel=\"noopener noreferrer\">EN SAVOIR PLUS<\/a><\/div> <\/div> <div  class=\"col-xs-12 col-sm-6 space-bottom col-md-3 \"> <img decoding=\"async\"  class=\"face\" src=\"https:\/\/monnier-menuiserie.com\/web\/wp-content\/uploads\/2020\/07\/cropped-120.jpg\" alt=\"\" title=\"cropped-120.jpg\"> <div  data-type=\"column\" class=\"col-padding-small col-padding-small-xs description-container\"> <h4  class=\"font-500\"><span  style=\"color: rgb(152, 67, 33);\">Isolation \/ am\u00e9nagement des combles<\/span><\/h4> <p  class=\"\">Nous vous proposons nos services d\u2019isolation de combles et d\u2019am\u00e9nagement pour agrandir votre espace de vie \u2026<\/p>  <a class=\"link\" href=\"https:\/\/monnier-menuiserie.com\/web\/isolation-et-amenagement-des-combles\" target=\"_self\" data-cp-link=\"1\" rel=\"noopener noreferrer\">EN SAVOIR PLUS<\/a><\/div> <\/div><\/div> <\/div> <\/div><div  data-label=\"demandez un devis\" data-id=\"cta-centered-section-grid\" data-export-id=\"cta-centered-section-grid\" data-category=\"cta\" class=\"cta-centered-section-grid content-section content-section-spacing-medium bg-color1 white-text\" id=\"demandez-un-devis\" style=\"background-image: url('https:\/\/monnier-menuiserie.com\/web\/wp-content\/uploads\/2018\/02\/header-intdesign-1.jpg'); background-size: cover; background-position: center top;\" data-section-ov=\"1\">\r\n<div  class=\"gridContainer\">\r\n<div  class=\"row text-center\">\r\n<div  class=\"col-xs-12 col-sm-10 col-sm-offset-1 col-md-8 col-md-offset-2\" data-type=\"column\">\r\n<h2  class=\"\">Demandez un devis gratuit !<\/h2>\r\n<p  class=\"\">Pour chiffrer au plus juste le montant de vos travaux, demandez un devis de r\u00e9novation de maison ou appelez-nous afin de d\u00e9finir ensemble votre projet. Un charpentier exp\u00e9riment\u00e9 vous r\u00e9pondra de fa\u00e7on claire et pr\u00e9cise. Vous pourrez ainsi r\u00e9fl\u00e9chir plus sereinement \u00e0 vos travaux.<br >\r\nNotre entreprise de menuiserie sp\u00e9cialis\u00e9e en charpente et extension bois intervient en Mayenne, Ille-et-Vilaine, Loire-Atlantique et Maine-et-Loire. Venez nous rencontrer \u00e0 Saint-Martin-du-Limet, pr\u00e8s de Vitr\u00e9, Laval, Ch\u00e2teaubriant, Craon et Ch\u00e2teau-Gontier.<\/p>\r\n<a class=\"button big color2 square\" href=\"https:\/\/monnier-menuiserie.com\/web\/contact\" target=\"_self\" data-cp-link=\"1\" data-icon=\"\" rel=\"noopener noreferrer\"> CONTACTEZ-NOUS ! <\/a><\/div>\r\n<\/div>\r\n<\/div>\r\n<\/div>","protected":false},"excerpt":{"rendered":"<p>SAVOIR-FAIRE Notre savoir-faire de charpentier pour vos travaux Faites appel \u00e0 nos charpentiers de Craon pour vos travaux et autres constructions en bois ! Vous souhaitez gagner en surface habitable ou cr\u00e9er de nouveaux espaces ? Vous avez une maison, mais vous souhaitez l\u2019agrandir ou la sur\u00e9lever ? Vous faites construire votre maison ? L\u2019Entreprise&hellip; <br \/> <a class=\"read-more\" href=\"https:\/\/monnier-menuiserie.com\/web\/la-charpente\/\">Lire la suite<\/a><\/p>\n","protected":false},"author":1,"featured_media":537,"parent":0,"menu_order":0,"comment_status":"closed","ping_status":"closed","template":"pro\/page-templates\/full-width-page.php","meta":[],"yoast_head":"<!-- This site is optimized with the Yoast SEO plugin v20.1 - https:\/\/yoast.com\/wordpress\/plugins\/seo\/ -->\n<title>La charpente - SARL Monnier<\/title>\n<meta name=\"robots\" content=\"index, follow, max-snippet:-1, max-image-preview:large, max-video-preview:-1\" \/>\n<link rel=\"canonical\" href=\"https:\/\/monnier-menuiserie.com\/web\/la-charpente\/\" \/>\n<meta property=\"og:locale\" content=\"fr_FR\" \/>\n<meta property=\"og:type\" content=\"article\" \/>\n<meta property=\"og:title\" content=\"La charpente - SARL Monnier\" \/>\n<meta property=\"og:description\" content=\"SAVOIR-FAIRE Notre savoir-faire de charpentier pour vos travaux Faites appel \u00e0 nos charpentiers de Craon pour vos travaux et autres constructions en bois ! Vous souhaitez gagner en surface habitable ou cr\u00e9er de nouveaux espaces ? Vous avez une maison, mais vous souhaitez l\u2019agrandir ou la sur\u00e9lever ? Vous faites construire votre maison ? L\u2019Entreprise&hellip; Lire la suite\" \/>\n<meta property=\"og:url\" content=\"https:\/\/monnier-menuiserie.com\/web\/la-charpente\/\" \/>\n<meta property=\"og:site_name\" content=\"SARL Monnier\" \/>\n<meta property=\"article:publisher\" content=\"https:\/\/www.facebook.com\/Monnier-SARL-103824751091628\/\" \/>\n<meta property=\"article:modified_time\" content=\"2020-11-09T23:06:07+00:00\" \/>\n<meta property=\"og:image\" content=\"https:\/\/monnier-menuiserie.com\/web\/wp-content\/uploads\/2020\/07\/48.jpg\" \/>\n\t<meta property=\"og:image:width\" content=\"800\" \/>\n\t<meta property=\"og:image:height\" content=\"600\" \/>\n\t<meta property=\"og:image:type\" content=\"image\/jpeg\" \/>\n<meta name=\"twitter:card\" content=\"summary_large_image\" \/>\n<meta name=\"twitter:label1\" content=\"Dur\u00e9e de lecture estim\u00e9e\" \/>\n\t<meta name=\"twitter:data1\" content=\"2 minutes\" \/>\n<script type=\"application\/ld+json\" class=\"yoast-schema-graph\">{\"@context\":\"https:\/\/schema.org\",\"@graph\":[{\"@type\":\"WebPage\",\"@id\":\"https:\/\/monnier-menuiserie.com\/web\/la-charpente\/\",\"url\":\"https:\/\/monnier-menuiserie.com\/web\/la-charpente\/\",\"name\":\"La charpente - SARL Monnier\",\"isPartOf\":{\"@id\":\"https:\/\/monnier-menuiserie.com\/web\/#website\"},\"datePublished\":\"2018-02-16T16:04:47+00:00\",\"dateModified\":\"2020-11-09T23:06:07+00:00\",\"breadcrumb\":{\"@id\":\"https:\/\/monnier-menuiserie.com\/web\/la-charpente\/#breadcrumb\"},\"inLanguage\":\"fr-FR\",\"potentialAction\":[{\"@type\":\"ReadAction\",\"target\":[\"https:\/\/monnier-menuiserie.com\/web\/la-charpente\/\"]}]},{\"@type\":\"BreadcrumbList\",\"@id\":\"https:\/\/monnier-menuiserie.com\/web\/la-charpente\/#breadcrumb\",\"itemListElement\":[{\"@type\":\"ListItem\",\"position\":1,\"name\":\"Accueil\",\"item\":\"https:\/\/monnier-menuiserie.com\/web\/\"},{\"@type\":\"ListItem\",\"position\":2,\"name\":\"La charpente\"}]},{\"@type\":\"WebSite\",\"@id\":\"https:\/\/monnier-menuiserie.com\/web\/#website\",\"url\":\"https:\/\/monnier-menuiserie.com\/web\/\",\"name\":\"SARL Monnier\",\"description\":\"\",\"publisher\":{\"@id\":\"https:\/\/monnier-menuiserie.com\/web\/#organization\"},\"potentialAction\":[{\"@type\":\"SearchAction\",\"target\":{\"@type\":\"EntryPoint\",\"urlTemplate\":\"https:\/\/monnier-menuiserie.com\/web\/?s={search_term_string}\"},\"query-input\":\"required name=search_term_string\"}],\"inLanguage\":\"fr-FR\"},{\"@type\":\"Organization\",\"@id\":\"https:\/\/monnier-menuiserie.com\/web\/#organization\",\"name\":\"SARL Monnier\",\"url\":\"https:\/\/monnier-menuiserie.com\/web\/\",\"logo\":{\"@type\":\"ImageObject\",\"inLanguage\":\"fr-FR\",\"@id\":\"https:\/\/monnier-menuiserie.com\/web\/#\/schema\/logo\/image\/\",\"url\":\"https:\/\/monnier-menuiserie.com\/web\/wp-content\/uploads\/2020\/07\/cropped-logo-sarl-monnier-400x300-2.png\",\"contentUrl\":\"https:\/\/monnier-menuiserie.com\/web\/wp-content\/uploads\/2020\/07\/cropped-logo-sarl-monnier-400x300-2.png\",\"width\":400,\"height\":186,\"caption\":\"SARL Monnier\"},\"image\":{\"@id\":\"https:\/\/monnier-menuiserie.com\/web\/#\/schema\/logo\/image\/\"},\"sameAs\":[\"https:\/\/www.facebook.com\/Monnier-SARL-103824751091628\/\"]}]}<\/script>\n<!-- \/ Yoast SEO plugin. -->","yoast_head_json":{"title":"La charpente - SARL Monnier","robots":{"index":"index","follow":"follow","max-snippet":"max-snippet:-1","max-image-preview":"max-image-preview:large","max-video-preview":"max-video-preview:-1"},"canonical":"https:\/\/monnier-menuiserie.com\/web\/la-charpente\/","og_locale":"fr_FR","og_type":"article","og_title":"La charpente - SARL Monnier","og_description":"SAVOIR-FAIRE Notre savoir-faire de charpentier pour vos travaux Faites appel \u00e0 nos charpentiers de Craon pour vos travaux et autres constructions en bois ! Vous souhaitez gagner en surface habitable ou cr\u00e9er de nouveaux espaces ? Vous avez une maison, mais vous souhaitez l\u2019agrandir ou la sur\u00e9lever ? Vous faites construire votre maison ? L\u2019Entreprise&hellip; Lire la suite","og_url":"https:\/\/monnier-menuiserie.com\/web\/la-charpente\/","og_site_name":"SARL Monnier","article_publisher":"https:\/\/www.facebook.com\/Monnier-SARL-103824751091628\/","article_modified_time":"2020-11-09T23:06:07+00:00","og_image":[{"width":800,"height":600,"url":"https:\/\/monnier-menuiserie.com\/web\/wp-content\/uploads\/2020\/07\/48.jpg","type":"image\/jpeg"}],"twitter_card":"summary_large_image","twitter_misc":{"Dur\u00e9e de lecture estim\u00e9e":"2 minutes"},"schema":{"@context":"https:\/\/schema.org","@graph":[{"@type":"WebPage","@id":"https:\/\/monnier-menuiserie.com\/web\/la-charpente\/","url":"https:\/\/monnier-menuiserie.com\/web\/la-charpente\/","name":"La charpente - SARL Monnier","isPartOf":{"@id":"https:\/\/monnier-menuiserie.com\/web\/#website"},"datePublished":"2018-02-16T16:04:47+00:00","dateModified":"2020-11-09T23:06:07+00:00","breadcrumb":{"@id":"https:\/\/monnier-menuiserie.com\/web\/la-charpente\/#breadcrumb"},"inLanguage":"fr-FR","potentialAction":[{"@type":"ReadAction","target":["https:\/\/monnier-menuiserie.com\/web\/la-charpente\/"]}]},{"@type":"BreadcrumbList","@id":"https:\/\/monnier-menuiserie.com\/web\/la-charpente\/#breadcrumb","itemListElement":[{"@type":"ListItem","position":1,"name":"Accueil","item":"https:\/\/monnier-menuiserie.com\/web\/"},{"@type":"ListItem","position":2,"name":"La charpente"}]},{"@type":"WebSite","@id":"https:\/\/monnier-menuiserie.com\/web\/#website","url":"https:\/\/monnier-menuiserie.com\/web\/","name":"SARL Monnier","description":"","publisher":{"@id":"https:\/\/monnier-menuiserie.com\/web\/#organization"},"potentialAction":[{"@type":"SearchAction","target":{"@type":"EntryPoint","urlTemplate":"https:\/\/monnier-menuiserie.com\/web\/?s={search_term_string}"},"query-input":"required name=search_term_string"}],"inLanguage":"fr-FR"},{"@type":"Organization","@id":"https:\/\/monnier-menuiserie.com\/web\/#organization","name":"SARL Monnier","url":"https:\/\/monnier-menuiserie.com\/web\/","logo":{"@type":"ImageObject","inLanguage":"fr-FR","@id":"https:\/\/monnier-menuiserie.com\/web\/#\/schema\/logo\/image\/","url":"https:\/\/monnier-menuiserie.com\/web\/wp-content\/uploads\/2020\/07\/cropped-logo-sarl-monnier-400x300-2.png","contentUrl":"https:\/\/monnier-menuiserie.com\/web\/wp-content\/uploads\/2020\/07\/cropped-logo-sarl-monnier-400x300-2.png","width":400,"height":186,"caption":"SARL Monnier"},"image":{"@id":"https:\/\/monnier-menuiserie.com\/web\/#\/schema\/logo\/image\/"},"sameAs":["https:\/\/www.facebook.com\/Monnier-SARL-103824751091628\/"]}]}},"_links":{"self":[{"href":"https:\/\/monnier-menuiserie.com\/web\/wp-json\/wp\/v2\/pages\/178"}],"collection":[{"href":"https:\/\/monnier-menuiserie.com\/web\/wp-json\/wp\/v2\/pages"}],"about":[{"href":"https:\/\/monnier-menuiserie.com\/web\/wp-json\/wp\/v2\/types\/page"}],"author":[{"embeddable":true,"href":"https:\/\/monnier-menuiserie.com\/web\/wp-json\/wp\/v2\/users\/1"}],"replies":[{"embeddable":true,"href":"https:\/\/monnier-menuiserie.com\/web\/wp-json\/wp\/v2\/comments?post=178"}],"version-history":[{"count":11,"href":"https:\/\/monnier-menuiserie.com\/web\/wp-json\/wp\/v2\/pages\/178\/revisions"}],"predecessor-version":[{"id":576,"href":"https:\/\/monnier-menuiserie.com\/web\/wp-json\/wp\/v2\/pages\/178\/revisions\/576"}],"wp:featuredmedia":[{"embeddable":true,"href":"https:\/\/monnier-menuiserie.com\/web\/wp-json\/wp\/v2\/media\/537"}],"wp:attachment":[{"href":"https:\/\/monnier-menuiserie.com\/web\/wp-json\/wp\/v2\/media?parent=178"}],"curies":[{"name":"wp","href":"https:\/\/api.w.org\/{rel}","templated":true}]}}